{"id":330,"date":"2025-10-28T09:33:59","date_gmt":"2025-10-28T08:33:59","guid":{"rendered":"https:\/\/legadier.com\/quem-somos\/"},"modified":"2025-12-24T12:06:15","modified_gmt":"2025-12-24T11:06:15","slug":"quem-somos","status":"publish","type":"page","link":"https:\/\/legadier.com\/pt-pt\/quem-somos\/","title":{"rendered":"Quem somos"},"content":{"rendered":"\t\t<div data-elementor-type=\"wp-page\" data-elementor-id=\"330\" class=\"elementor elementor-330 elementor-25\" data-elementor-post-type=\"page\">\n\t\t\t\t<div class=\"elementor-element elementor-element-b54db18 e-flex e-con-boxed e-con e-parent\" data-id=\"b54db18\" data-element_type=\"container\" data-e-type=\"container\" data-settings=\"{&quot;background_background&quot;:&quot;classic&quot;}\">\n\t\t\t\t\t<div class=\"e-con-inner\">\n\t\t<div class=\"elementor-element elementor-element-ef47424 e-con-full e-flex e-con e-child\" data-id=\"ef47424\" data-element_type=\"container\" data-e-type=\"container\" data-settings=\"{&quot;background_background&quot;:&quot;classic&quot;}\">\n\t\t\t\t<div class=\"elementor-element elementor-element-fefbdb3 elementor-widget elementor-widget-heading\" data-id=\"fefbdb3\" data-element_type=\"widget\" data-e-type=\"widget\" data-widget_type=\"heading.default\">\n\t\t\t\t\t<h1 class=\"elementor-heading-title elementor-size-default\">Profissionais com mais de 20 anos de experi\u00eancia profissional e um s\u00f3lido conhecimento do direito.<\/h1>\t\t\t\t<\/div>\n\t\t\t\t<div class=\"elementor-element elementor-element-90d204d elementor-widget__width-initial elementor-widget elementor-widget-text-editor\" data-id=\"90d204d\" data-element_type=\"widget\" data-e-type=\"widget\" data-widget_type=\"text-editor.default\">\n\t\t\t\t\t\t\t\t\t<p>Com solu\u00e7\u00f5es adaptadas a cada necessidade e uma ampla rede de colaboradores que nos permite acompanh\u00e1-lo onde quer que precise.<\/p>\t\t\t\t\t\t\t\t<\/div>\n\t\t\t\t<div class=\"elementor-element elementor-element-430a7d8 elementor-widget elementor-widget-button\" data-id=\"430a7d8\" data-element_type=\"widget\" data-e-type=\"widget\" data-widget_type=\"button.default\">\n\t\t\t\t\t\t\t\t\t\t<a class=\"elementor-button elementor-button-link elementor-size-sm\" href=\"https:\/\/legadier.com\/pt-pt\/contacto\/\">\n\t\t\t\t\t\t<span class=\"elementor-button-content-wrapper\">\n\t\t\t\t\t\t\t\t\t<span class=\"elementor-button-text\">Conte-nos o seu caso<\/span>\n\t\t\t\t\t<\/span>\n\t\t\t\t\t<\/a>\n\t\t\t\t\t\t\t\t<\/div>\n\t\t\t\t<\/div>\n\t\t\t\t\t<\/div>\n\t\t\t\t<\/div>\n\t\t\t\t<\/div>\n\t\t","protected":false},"excerpt":{"rendered":"<p>Profissionais com mais de 20 anos de experi\u00eancia profissional e um s\u00f3lido conhecimento do direito. Com solu\u00e7\u00f5es adaptadas a cada necessidade e uma ampla rede de colaboradores que nos permite acompanh\u00e1-lo onde quer que precise. Conte-nos o seu caso<\/p>\n","protected":false},"author":1,"featured_media":0,"parent":0,"menu_order":0,"comment_status":"closed","ping_status":"closed","template":"","meta":{"footnotes":""},"class_list":["post-330","page","type-page","status-publish","hentry"],"_links":{"self":[{"href":"https:\/\/legadier.com\/pt-pt\/wp-json\/wp\/v2\/pages\/330","targetHints":{"allow":["GET"]}}],"collection":[{"href":"https:\/\/legadier.com\/pt-pt\/wp-json\/wp\/v2\/pages"}],"about":[{"href":"https:\/\/legadier.com\/pt-pt\/wp-json\/wp\/v2\/types\/page"}],"author":[{"embeddable":true,"href":"https:\/\/legadier.com\/pt-pt\/wp-json\/wp\/v2\/users\/1"}],"replies":[{"embeddable":true,"href":"https:\/\/legadier.com\/pt-pt\/wp-json\/wp\/v2\/comments?post=330"}],"version-history":[{"count":8,"href":"https:\/\/legadier.com\/pt-pt\/wp-json\/wp\/v2\/pages\/330\/revisions"}],"predecessor-version":[{"id":513,"href":"https:\/\/legadier.com\/pt-pt\/wp-json\/wp\/v2\/pages\/330\/revisions\/513"}],"wp:attachment":[{"href":"https:\/\/legadier.com\/pt-pt\/wp-json\/wp\/v2\/media?parent=330"}],"curies":[{"name":"wp","href":"https:\/\/api.w.org\/{rel}","templated":true}]}}